{"id":2,"date":"2021-11-13T17:03:38","date_gmt":"2021-11-13T17:03:38","guid":{"rendered":"https:\/\/repaircafe-indersdorf.de\/?page_id=2"},"modified":"2022-08-02T13:04:18","modified_gmt":"2022-08-02T13:04:18","slug":"sample-page","status":"publish","type":"page","link":"https:\/\/repaircafe-indersdorf.de\/?page_id=2","title":{"rendered":"\u00dcber uns"},"content":{"rendered":"\n<figure class=\"wp-block-image size-large\"><img loading=\"lazy\" decoding=\"async\" width=\"1024\" height=\"576\" src=\"https:\/\/repaircafe-indersdorf.de\/wp-content\/uploads\/2022\/08\/20220730_150331-1024x576.jpg\" alt=\"\" class=\"wp-image-237\" srcset=\"https:\/\/repaircafe-indersdorf.de\/wp-content\/uploads\/2022\/08\/20220730_150331-1024x576.jpg 1024w, https:\/\/repaircafe-indersdorf.de\/wp-content\/uploads\/2022\/08\/20220730_150331-300x169.jpg 300w, https:\/\/repaircafe-indersdorf.de\/wp-content\/uploads\/2022\/08\/20220730_150331-768x432.jpg 768w, https:\/\/repaircafe-indersdorf.de\/wp-content\/uploads\/2022\/08\/20220730_150331-1536x864.jpg 1536w, https:\/\/repaircafe-indersdorf.de\/wp-content\/uploads\/2022\/08\/20220730_150331-2048x1152.jpg 2048w, https:\/\/repaircafe-indersdorf.de\/wp-content\/uploads\/2022\/08\/20220730_150331-400x225.jpg 400w, https:\/\/repaircafe-indersdorf.de\/wp-content\/uploads\/2022\/08\/20220730_150331-780x439.jpg 780w\" sizes=\"auto, (max-width: 1024px) 100vw, 1024px\" \/><\/figure>\n\n\n\n<p class=\"has-normal-font-size\"><strong>Repair Caf\u00e9<\/strong> ist eine Initiative von&nbsp;Martine Postma und dem Groninger Nachhaltigkeitsmanager Peter van Vliet.<\/p>\n\n\n\n<p>Seit 2007 setzt sie sich auf verschiedene Arten f\u00fcr Nachhaltigkeit auf lokaler Ebene ein. Das erste Repair Caf\u00e9 organisierte Martine am&nbsp;<strong>18. Oktober 2009&nbsp;<\/strong>in Amsterdam. Es erwies sich als ein gro\u00dfer Erfolg.<\/p>\n\n\n\n<p>Seit Juni 2019 gibt es nun ein Repair Caf\u00e9 in Markt Indersdorf:<\/p>\n\n\n\n<p>Es befindet sich in den R\u00e4umlichkeiten des Augustiner-Chorherren-Museum am Marienplatz mit der Unterst\u00fctzung des Heimatverein Indersdorf e.V<\/p>\n\n\n\n<figure class=\"wp-block-image size-full\"><a href=\"https:\/\/www.heimatverein-indersdorf.de\/\" target=\"_blank\" rel=\"noopener\"><img loading=\"lazy\" decoding=\"async\" width=\"156\" height=\"151\" src=\"https:\/\/repaircafe-indersdorf.de\/wp-content\/uploads\/2021\/11\/Heimatverein-markt-Indersdorf.jpg\" alt=\"\" class=\"wp-image-97\"\/><\/a><\/figure>\n\n\n\n<p>Oktober 2021 kam Verst\u00e4rkung f\u00fcr das Team<\/p>\n\n\n\n<figure class=\"wp-block-image size-full\"><img loading=\"lazy\" decoding=\"async\" width=\"640\" height=\"480\" src=\"https:\/\/repaircafe-indersdorf.de\/wp-content\/uploads\/2022\/01\/IMG_0343.jpeg\" alt=\"\" class=\"wp-image-152\" srcset=\"https:\/\/repaircafe-indersdorf.de\/wp-content\/uploads\/2022\/01\/IMG_0343.jpeg 640w, https:\/\/repaircafe-indersdorf.de\/wp-content\/uploads\/2022\/01\/IMG_0343-300x225.jpeg 300w\" sizes=\"auto, (max-width: 640px) 100vw, 640px\" \/><\/figure>\n\n\n\n<h4 class=\"wp-block-heading\">Was ist ein Repair Caf\u00e9?<\/h4>\n\n\n\n<p>Repair Caf\u00e9s sind ehrenamtliche Treffen, bei denen die Teilnehmer alleine oder gemeinsam mit anderen ihre kaputten Dinge reparieren. An den Orten, an denen das Repair Caf\u00e9 stattfindet, ist Werkzeug und Material f\u00fcr alle m\u00f6glichen Reparaturen vorhanden. Zum Beispiel f\u00fcr Kleidung, M\u00f6bel, elektrische Ger\u00e4te, Fahrr\u00e4der, Spielzeug , Schmuck und vieles mehr. Auch sind kundige ehrenamtliche Helfer anwesend, die Reparaturkenntnis und \u2013 fertigkeiten auf verschiedenen Gebieten mitbringen.<\/p>\n\n\n\n<p>Besucher nehmen defekte Gegenst\u00e4nde von zu Hause mit. Im Repair Caf\u00e9 machen sie sich gemeinsam mit einem Fachmann oder einer Fachfrau an die Arbeit. Man kann dort immer eine Menge lernen oder hilft jemand anderem bei der Reparatur. Sollte die Wartezeit doch etwas l\u00e4nger dauern, stehen Kaffee, Tee und leckerer Kuchen bereit.<\/p>\n\n\n\n<figure class=\"wp-block-image size-large is-resized\"><img loading=\"lazy\" decoding=\"async\" src=\"https:\/\/repaircafe-indersdorf.de\/wp-content\/uploads\/2021\/11\/Kloster-1-1024x341.png\" alt=\"\" class=\"wp-image-99\" width=\"771\" height=\"256\" srcset=\"https:\/\/repaircafe-indersdorf.de\/wp-content\/uploads\/2021\/11\/Kloster-1-1024x341.png 1024w, https:\/\/repaircafe-indersdorf.de\/wp-content\/uploads\/2021\/11\/Kloster-1-300x100.png 300w, https:\/\/repaircafe-indersdorf.de\/wp-content\/uploads\/2021\/11\/Kloster-1-768x256.png 768w, https:\/\/repaircafe-indersdorf.de\/wp-content\/uploads\/2021\/11\/Kloster-1.png 1200w\" sizes=\"auto, (max-width: 771px) 100vw, 771px\" \/><\/figure>\n\n\n\n<h4 class=\"wp-block-heading\">Wozu ein Repair Caf\u00e9?<\/h4>\n\n\n\n<p>In Europa werfen wir Unmengen weg. Auch Gegenst\u00e4nde, an denen nicht viel kaputt ist und die nach einer einfachen Reparatur problemlos wieder verwendet werden k\u00f6nnten. Leider ist das Reparieren bei den meisten Menschen aus der Mode gekommen. Sie wissen einfach nicht mehr, wie man Dinge repariert. Das Wissen, wie man Dinge repariert, verschwindet schnell. Wer dieses Wissen noch hat, wird von der Gesellschaft h\u00e4ufig nicht besonders hoch gesch\u00e4tzt und steht ungewollt am Rande. Das Wissen und K\u00f6nnen dieser Menschen wird nicht oder nur sehr selten genutzt.<\/p>\n\n\n\n<p>Repair Caf\u00e9 \u00e4ndert das! Menschen, die am Rand der Gesellschaft stehen, z\u00e4hlen wieder. Es findet ein wertvoller praktischer Wissensaustausch statt. Gegenst\u00e4nde sind auf diese Weise l\u00e4nger brauchbar und werden nicht weggeworfen. Die Grundstoff- und Energiemenge, die f\u00fcr die Herstellung neuer Produkte erforderlich ist, wird somit gespart. Das gilt auch f\u00fcr die CO2-Emissionen. Denn bei der Herstellung neuer Produkte und beim Recycling von Gebrauchtgegenst\u00e4nden wird CO2 freigesetzt.<\/p>\n\n\n\n<p>Im Repair Caf\u00e9 lernen Menschen, Gegenst\u00e4nde auf andere Weise wahrzunehmen. Und sie ganz neu wertzusch\u00e4tzen: Das Repair Caf\u00e9 tr\u00e4gt zu einer Mentalit\u00e4tsver\u00e4nderung bei. Das ist dringend n\u00f6tig, wenn Menschen f\u00fcr eine nachhaltige Gesellschaft eintreten sollen.<\/p>\n\n\n\n<p>Im Mittelpunkt steht jedoch, dass Repair Caf\u00e9 zeigen m\u00f6chte, dass Reparieren auch viel Spa\u00df macht und relativ einfach ist. Komm vorbei und versuche es selbst!<\/p>\n\n\n\n<h4 class=\"wp-block-heading\">Keine Konkurrenz f\u00fcr Reparatur-Profis<\/h4>\n\n\n\n<p>Die Mitarbeiter des Repair Caf\u00e9s Markt Indersdorf werden hin und wieder gefragt, ob die kostenlosen Reparaturtreffen eine Konkurrenz f\u00fcr Reparatur-Profis sind. Die Antwort lautet: im Gegenteil! Mit Repair Caf\u00e9 m\u00f6chten Organisatoren aus dem ganzen Land vielmehr das Interesse am Reparieren wieder wecken. Besucher werden regelm\u00e4\u00dfig an die (wenigen) Profis weiter verwiesen, die es (noch) gibt.<\/p>\n\n\n\n<h4 class=\"wp-block-heading\">Ziel eines Repair Caf\u00e9s ist:<\/h4>\n\n\n\n<ul class=\"wp-block-list\"><li>Reparieren auf moderne Weise auf lokaler Ebene wieder in die Gesellschaft zu tragen<\/li><li>Reparaturwissen zu erhalten und zu verbreiten<\/li><li>den sozialen Zusammenhalt in der Gesellschaft vor Ort zu f\u00f6rdern.<\/li><\/ul>\n\n\n\n<p>Im Mittelpunkt steht beim Repair Caf\u00e9 jedoch, dass Reparieren Spa\u00df macht und meistens auch ganz einfach ist. Versuchen Sie es doch mal!<\/p>\n","protected":false},"excerpt":{"rendered":"<p>Repair Caf\u00e9 ist eine Initiative von&nbsp;Martine Postma und dem Groninger Nachhaltigkeitsmanager Peter van Vliet. Seit 2007 setzt sie sich auf <a class=\"more-link\" href=\"https:\/\/repaircafe-indersdorf.de\/?page_id=2\">weiterlesen&#8230;<\/a><\/p>\n","protected":false},"author":1,"featured_media":0,"parent":0,"menu_order":0,"comment_status":"closed","ping_status":"open","template":"","meta":{"footnotes":""},"class_list":["post-2","page","type-page","status-publish","hentry"],"_links":{"self":[{"href":"https:\/\/repaircafe-indersdorf.de\/index.php?rest_route=\/wp\/v2\/pages\/2","targetHints":{"allow":["GET"]}}],"collection":[{"href":"https:\/\/repaircafe-indersdorf.de\/index.php?rest_route=\/wp\/v2\/pages"}],"about":[{"href":"https:\/\/repaircafe-indersdorf.de\/index.php?rest_route=\/wp\/v2\/types\/page"}],"author":[{"embeddable":true,"href":"https:\/\/repaircafe-indersdorf.de\/index.php?rest_route=\/wp\/v2\/users\/1"}],"replies":[{"embeddable":true,"href":"https:\/\/repaircafe-indersdorf.de\/index.php?rest_route=%2Fwp%2Fv2%2Fcomments&post=2"}],"version-history":[{"count":20,"href":"https:\/\/repaircafe-indersdorf.de\/index.php?rest_route=\/wp\/v2\/pages\/2\/revisions"}],"predecessor-version":[{"id":239,"href":"https:\/\/repaircafe-indersdorf.de\/index.php?rest_route=\/wp\/v2\/pages\/2\/revisions\/239"}],"wp:attachment":[{"href":"https:\/\/repaircafe-indersdorf.de\/index.php?rest_route=%2Fwp%2Fv2%2Fmedia&parent=2"}],"curies":[{"name":"wp","href":"https:\/\/api.w.org\/{rel}","templated":true}]}}