{"id":52,"date":"2021-11-13T19:19:15","date_gmt":"2021-11-13T19:19:15","guid":{"rendered":"https:\/\/repaircafe-indersdorf.de\/?page_id=52"},"modified":"2022-10-21T16:50:46","modified_gmt":"2022-10-21T16:50:46","slug":"reparaturen","status":"publish","type":"page","link":"https:\/\/repaircafe-indersdorf.de\/?page_id=52","title":{"rendered":"Reparaturen"},"content":{"rendered":"\n<figure class=\"wp-block-image size-large\"><img loading=\"lazy\" decoding=\"async\" width=\"1024\" height=\"576\" src=\"https:\/\/repaircafe-indersdorf.de\/wp-content\/uploads\/2022\/08\/20220730_150119-1024x576.jpg\" alt=\"\" class=\"wp-image-242\" srcset=\"https:\/\/repaircafe-indersdorf.de\/wp-content\/uploads\/2022\/08\/20220730_150119-1024x576.jpg 1024w, https:\/\/repaircafe-indersdorf.de\/wp-content\/uploads\/2022\/08\/20220730_150119-300x169.jpg 300w, https:\/\/repaircafe-indersdorf.de\/wp-content\/uploads\/2022\/08\/20220730_150119-768x432.jpg 768w, https:\/\/repaircafe-indersdorf.de\/wp-content\/uploads\/2022\/08\/20220730_150119-1536x864.jpg 1536w, https:\/\/repaircafe-indersdorf.de\/wp-content\/uploads\/2022\/08\/20220730_150119-2048x1152.jpg 2048w, https:\/\/repaircafe-indersdorf.de\/wp-content\/uploads\/2022\/08\/20220730_150119-400x225.jpg 400w, https:\/\/repaircafe-indersdorf.de\/wp-content\/uploads\/2022\/08\/20220730_150119-780x439.jpg 780w\" sizes=\"auto, (max-width: 1024px) 100vw, 1024px\" \/><\/figure>\n\n\n\n<h2 class=\"wp-block-heading\"><strong>Elektroger\u00e4te<\/strong><\/h2>\n\n\n\n<p>von Akkuschrauber, Lampen, Allesschneider, Rasenm\u00e4her, Staubsauger, Wasserkocher, bis hin zur elektr. Zahnb\u00fcrste.<\/p>\n\n\n\n<h2 class=\"wp-block-heading\"><strong>Unterhaltungselektronik<\/strong><\/h2>\n\n\n\n<p>Laptops, Desktops, Austausch von defekten Teilen, Aufr\u00fcstung von PCs, Hilfe bei der Installation von lizenzierter Software. Unterst\u00fctzung bei Einstellung und Datensicherung von Mobiltelefonen, sowie Updates und App-Beratung<\/p>\n\n\n\n<h2 class=\"wp-block-heading\"><strong>Kleinm\u00f6bel und Spielzeug<\/strong><\/h2>\n\n\n\n<p>Reparaturen dieser Art k\u00f6nnen vereinbart, aber meist nicht sofort vor Ort durchgef\u00fchrt werden. Das hei\u00dft, man kann das besch\u00e4digte M\u00f6belteil oder Spielzeug bringen und vereinbart eine Wiederabholung.<\/p>\n\n\n\n<figure class=\"wp-block-image size-large\"><img loading=\"lazy\" decoding=\"async\" width=\"1024\" height=\"341\" src=\"https:\/\/repaircafe-indersdorf.de\/wp-content\/uploads\/2021\/11\/Tools-1024x341.png\" alt=\"\" class=\"wp-image-66\" srcset=\"https:\/\/repaircafe-indersdorf.de\/wp-content\/uploads\/2021\/11\/Tools-1024x341.png 1024w, https:\/\/repaircafe-indersdorf.de\/wp-content\/uploads\/2021\/11\/Tools-300x100.png 300w, https:\/\/repaircafe-indersdorf.de\/wp-content\/uploads\/2021\/11\/Tools-768x256.png 768w, https:\/\/repaircafe-indersdorf.de\/wp-content\/uploads\/2021\/11\/Tools.png 1200w\" sizes=\"auto, (max-width: 1024px) 100vw, 1024px\" \/><\/figure>\n\n\n\n<h2 class=\"wp-block-heading\"><strong>Fahrr\u00e4der und Kinderfahrzeuge<\/strong><\/h2>\n\n\n\n<p>Kettcar, Tretroller, Kindertraktor, Dreir\u00e4der, Fahrrad u. Anh\u00e4nger auf Verkehrssicherheit \u00fcberpr\u00fcfen. Demn\u00e4chst: Licht\/Kabel reparieren,<br>Reifen flicken<\/p>\n\n\n\n<figure class=\"wp-block-image size-large is-resized\"><img loading=\"lazy\" decoding=\"async\" src=\"https:\/\/repaircafe-indersdorf.de\/wp-content\/uploads\/2022\/10\/20220909_170103-576x1024.jpg\" alt=\"\" class=\"wp-image-270\" width=\"560\" height=\"995\" srcset=\"https:\/\/repaircafe-indersdorf.de\/wp-content\/uploads\/2022\/10\/20220909_170103-576x1024.jpg 576w, https:\/\/repaircafe-indersdorf.de\/wp-content\/uploads\/2022\/10\/20220909_170103-169x300.jpg 169w, https:\/\/repaircafe-indersdorf.de\/wp-content\/uploads\/2022\/10\/20220909_170103-768x1365.jpg 768w, https:\/\/repaircafe-indersdorf.de\/wp-content\/uploads\/2022\/10\/20220909_170103-864x1536.jpg 864w, https:\/\/repaircafe-indersdorf.de\/wp-content\/uploads\/2022\/10\/20220909_170103-1152x2048.jpg 1152w, https:\/\/repaircafe-indersdorf.de\/wp-content\/uploads\/2022\/10\/20220909_170103-scaled.jpg 1440w\" sizes=\"auto, (max-width: 560px) 100vw, 560px\" \/><\/figure>\n\n\n\n<h2 class=\"wp-block-heading\"><strong>Neu: Lederhosen &#8211; je \u00e4lter, desto interessanter<\/strong><\/h2>\n\n\n\n<figure class=\"wp-block-image size-large\"><img loading=\"lazy\" decoding=\"async\" width=\"1024\" height=\"677\" src=\"https:\/\/repaircafe-indersdorf.de\/wp-content\/uploads\/2022\/10\/leather-pants-1423502_1920-1024x677.jpg\" alt=\"\" class=\"wp-image-271\" srcset=\"https:\/\/repaircafe-indersdorf.de\/wp-content\/uploads\/2022\/10\/leather-pants-1423502_1920-1024x677.jpg 1024w, https:\/\/repaircafe-indersdorf.de\/wp-content\/uploads\/2022\/10\/leather-pants-1423502_1920-300x198.jpg 300w, https:\/\/repaircafe-indersdorf.de\/wp-content\/uploads\/2022\/10\/leather-pants-1423502_1920-768x508.jpg 768w, https:\/\/repaircafe-indersdorf.de\/wp-content\/uploads\/2022\/10\/leather-pants-1423502_1920-1536x1015.jpg 1536w, https:\/\/repaircafe-indersdorf.de\/wp-content\/uploads\/2022\/10\/leather-pants-1423502_1920.jpg 1920w\" sizes=\"auto, (max-width: 1024px) 100vw, 1024px\" \/><\/figure>\n","protected":false},"excerpt":{"rendered":"<p>Elektroger\u00e4te von Akkuschrauber, Lampen, Allesschneider, Rasenm\u00e4her, Staubsauger, Wasserkocher, bis hin zur elektr. Zahnb\u00fcrste. Unterhaltungselektronik Laptops, Desktops, Austausch von defekten Teilen, <a class=\"more-link\" href=\"https:\/\/repaircafe-indersdorf.de\/?page_id=52\">weiterlesen&#8230;<\/a><\/p>\n","protected":false},"author":1,"featured_media":0,"parent":0,"menu_order":0,"comment_status":"closed","ping_status":"closed","template":"","meta":{"footnotes":""},"class_list":["post-52","page","type-page","status-publish","hentry"],"_links":{"self":[{"href":"https:\/\/repaircafe-indersdorf.de\/index.php?rest_route=\/wp\/v2\/pages\/52","targetHints":{"allow":["GET"]}}],"collection":[{"href":"https:\/\/repaircafe-indersdorf.de\/index.php?rest_route=\/wp\/v2\/pages"}],"about":[{"href":"https:\/\/repaircafe-indersdorf.de\/index.php?rest_route=\/wp\/v2\/types\/page"}],"author":[{"embeddable":true,"href":"https:\/\/repaircafe-indersdorf.de\/index.php?rest_route=\/wp\/v2\/users\/1"}],"replies":[{"embeddable":true,"href":"https:\/\/repaircafe-indersdorf.de\/index.php?rest_route=%2Fwp%2Fv2%2Fcomments&post=52"}],"version-history":[{"count":9,"href":"https:\/\/repaircafe-indersdorf.de\/index.php?rest_route=\/wp\/v2\/pages\/52\/revisions"}],"predecessor-version":[{"id":272,"href":"https:\/\/repaircafe-indersdorf.de\/index.php?rest_route=\/wp\/v2\/pages\/52\/revisions\/272"}],"wp:attachment":[{"href":"https:\/\/repaircafe-indersdorf.de\/index.php?rest_route=%2Fwp%2Fv2%2Fmedia&parent=52"}],"curies":[{"name":"wp","href":"https:\/\/api.w.org\/{rel}","templated":true}]}}